{"id":276,"date":"2024-11-10T19:32:58","date_gmt":"2024-11-10T18:32:58","guid":{"rendered":"https:\/\/www.helenamorgen.com\/cms\/?page_id=276"},"modified":"2024-11-11T15:15:24","modified_gmt":"2024-11-11T14:15:24","slug":"pflanzen","status":"publish","type":"page","link":"https:\/\/www.helenamorgen.com\/cms\/pflanzen\/","title":{"rendered":"Pflanzen"},"content":{"rendered":"\n<p>Im Buch &#8222;Finger weg&#8220; spielen Pflanzen eine wichtige Rolle. <br>Hier m\u00f6chte ich sie vorstellen. Die Informationen habe ich aus dem Buch: <br>&#8222;Pflanzenf\u00fchrer Kanarische Inseln&#8220;. Begegnungen auf La Gomera. <br>von Andrea und Thomas K. M\u00fcller. Klassiker, 2. Auflage 1996.<\/p>\n\n\n\n<p>Pflanze Nr. 1: \u201eamor seco\u201c, die Klette.<br>Manche nennen sie auch &#8222;enamorados&#8220;, die Verliebten, weil sie sich so gern (an Hosenbeine und ins Hundefell) anschmiegen &#8230;<\/p>\n\n\n\n<figure class=\"wp-block-gallery columns-3 is-cropped wp-block-gallery-1 is-layout-flex wp-block-gallery-is-layout-flex\"><ul class=\"blocks-gallery-grid\"><li class=\"blocks-gallery-item\"><figure><img decoding=\"async\" src=\"https:\/\/www.helenamorgen.com\/cms\/wp-content\/uploads\/2024\/11\/amor-scaled-e1613991955587-1.jpg\" alt=\"\" data-id=\"471\" data-full-url=\"http:\/\/https:\/\/www.helenamorgen.com\/cms\/wp-content\/uploads\/2024\/11\/amor-scaled-e1613991955587-1.jpg\" data-link=\"http:\/\/www.helenamorgen.com\/pflanzen\/amor\" class=\"wp-image-471\"\/><figcaption class=\"blocks-gallery-item__caption\">bl\u00fchend<\/figcaption><\/figure><\/li><li class=\"blocks-gallery-item\"><figure><img decoding=\"async\" src=\"https:\/\/www.helenamorgen.com\/cms\/wp-content\/uploads\/2024\/11\/amor-seco-scaled-e1613992023897-1.jpg\" alt=\"\" data-id=\"470\" data-full-url=\"https:\/\/www.helenamorgen.com\/cms\/wp-content\/uploads\/2024\/11\/amor-seco-scaled-e1613992023897-1.jpg\" data-link=\"http:\/\/www.helenamorgen.com\/pflanzen\/amor-seco\" class=\"wp-image-470\"\/><figcaption class=\"blocks-gallery-item__caption\">verbl\u00fcht<\/figcaption><\/figure><\/li><li class=\"blocks-gallery-item\"><figure><img decoding=\"async\" src=\"https:\/\/www.helenamorgen.com\/cms\/wp-content\/uploads\/2024\/11\/amor-s-scaled-e1613992056315-1.jpg\" alt=\"\" data-id=\"469\" data-full-url=\"https:\/\/www.helenamorgen.com\/cms\/wp-content\/uploads\/2024\/11\/amor-s-scaled-e1613992056315-1.jpg\" data-link=\"http:\/\/www.helenamorgen.com\/pflanzen\/amor-s\" class=\"wp-image-469\"\/><figcaption class=\"blocks-gallery-item__caption\">die &#8222;Widerhaken&#8220;<\/figcaption><\/figure><\/li><\/ul><\/figure>\n\n\n\n<p>Pflanze Nr. 2: &#8222;Acevi\u00f1o&#8220;.<\/p>\n\n\n\n<p>\u201eAcevi\u00f1o\u201c, die kanarische Stechpalme. Manchmal auch mit \u201eb\u201c geschrieben: Acebi\u00f1os. Ilex canariensis aus der Familie Aquifoliaceae. W\u00e4chst im \u201eFayal-Brezal\u201c \u2013 Bereich unterhalb des Lorbeerwaldes, auch in Kombination mit der Baumheide (brezo).<\/p>\n\n\n\n<figure class=\"wp-block-gallery columns-3 is-cropped wp-block-gallery-2 is-layout-flex wp-block-gallery-is-layout-flex\"><ul class=\"blocks-gallery-grid\"><li class=\"blocks-gallery-item\"><figure><img decoding=\"async\" src=\"https:\/\/www.helenamorgen.com\/cms\/wp-content\/uploads\/2024\/11\/DSCN0801-scaled-e1613992473939.jpg\" alt=\"\" data-id=\"477\" data-full-url=\"https:\/\/www.helenamorgen.com\/cms\/wp-content\/uploads\/2024\/11\/DSCN0801-scaled-e1613992473939.jpg\" data-link=\"http:\/\/www.helenamorgen.com\/dscn0801\" class=\"wp-image-477\"\/><figcaption class=\"blocks-gallery-item__caption\">Acevi\u00f1os-Fr\u00fcchte<\/figcaption><\/figure><\/li><li class=\"blocks-gallery-item\"><figure><img decoding=\"async\" src=\"https:\/\/www.helenamorgen.com\/cms\/wp-content\/uploads\/2024\/11\/DSCN0797-scaled-e1613992454257.jpg\" alt=\"\" data-id=\"476\" data-full-url=\"https:\/\/www.helenamorgen.com\/cms\/wp-content\/uploads\/2024\/11\/DSCN0797-scaled-e1613992454257.jpg\" data-link=\"http:\/\/www.helenamorgen.com\/dscn0797\" class=\"wp-image-476\"\/><figcaption class=\"blocks-gallery-item__caption\">Mit der Baumheide<\/figcaption><\/figure><\/li><li class=\"blocks-gallery-item\"><figure><img decoding=\"async\" src=\"https:\/\/www.helenamorgen.com\/cms\/wp-content\/uploads\/2024\/11\/Nr.2-scaled-e1613992426538.jpg\" alt=\"\" data-id=\"475\" data-full-url=\"https:\/\/www.helenamorgen.com\/cms\/wp-content\/uploads\/2024\/11\/Nr.2-scaled-e1613992426538.jpg\" data-link=\"http:\/\/www.helenamorgen.com\/nr-2\" class=\"wp-image-475\"\/><\/figure><\/li><\/ul><\/figure>\n\n\n\n<p>Pflanze Nr. 3: &#8222;berro&#8220;, die echte Brunnenkresse. <\/p>\n\n\n\n<figure class=\"wp-block-gallery columns-3 is-cropped wp-block-gallery-3 is-layout-flex wp-block-gallery-is-layout-flex\"><ul class=\"blocks-gallery-grid\"><li class=\"blocks-gallery-item\"><figure><img decoding=\"async\" src=\"https:\/\/www.helenamorgen.com\/cms\/wp-content\/uploads\/2024\/11\/berro.jpg\" alt=\"\" data-id=\"481\" data-full-url=\"https:\/\/www.helenamorgen.com\/cms\/wp-content\/uploads\/2024\/11\/berro.jpg\" data-link=\"http:\/\/www.helenamorgen.com\/berro\" class=\"wp-image-481\"\/><figcaption class=\"blocks-gallery-item__caption\">Brunnenkresse<\/figcaption><\/figure><\/li><li class=\"blocks-gallery-item\"><figure><img decoding=\"async\" src=\"https:\/\/www.helenamorgen.com\/cms\/wp-content\/uploads\/2024\/11\/berro-wasser.jpg\" alt=\"\" data-id=\"480\" data-full-url=\"https:\/\/www.helenamorgen.com\/cms\/wp-content\/uploads\/2024\/11\/berro-wasser.jpg\" data-link=\"http:\/\/www.helenamorgen.com\/berro-wasser\" class=\"wp-image-480\"\/><figcaption class=\"blocks-gallery-item__caption\">liebt es feucht<\/figcaption><\/figure><\/li><li class=\"blocks-gallery-item\"><figure><img decoding=\"async\" src=\"https:\/\/www.helenamorgen.com\/cms\/wp-content\/uploads\/2024\/11\/potaje-scaled-e1613994134201.jpg\" alt=\"\" data-id=\"482\" data-full-url=\"https:\/\/www.helenamorgen.com\/cms\/wp-content\/uploads\/2024\/11\/potaje-scaled-e1613994134201.jpg\" data-link=\"http:\/\/www.helenamorgen.com\/potaje\" class=\"wp-image-482\"\/><figcaption class=\"blocks-gallery-item__caption\">Potaje de Berros mit Gofio und Mojo rojo\/verde<\/figcaption><\/figure><\/li><\/ul><\/figure>\n\n\n\n<p>Im Pflanzenbuch steht zwar, dass die berros nicht roh verzehrt werden sollen (\u201eWurminfektions-Gefahr\u201c), aber ich habe auch schon k\u00f6stlichen Salat mit der echten Brunnenkresse gegessen. \u00dcbrigens gibt es auch \u201eunsere\u201c Kapuzinerkresse auf der Insel.<\/p>\n\n\n\n<p>Pflanze Nr. 4: der &#8222;espuma de mal&#8220;, der \u201eDr\u00fcsige Wasserdost\u201c, eine Art Unkraut aus Mexico.<\/p>\n\n\n\n<figure class=\"wp-block-gallery columns-3 is-cropped wp-block-gallery-4 is-layout-flex wp-block-gallery-is-layout-flex\"><ul class=\"blocks-gallery-grid\"><li class=\"blocks-gallery-item\"><figure><img decoding=\"async\" src=\"https:\/\/www.helenamorgen.com\/cms\/wp-content\/uploads\/2024\/11\/Wasserdost-200x150-1.jpg\" alt=\"\" data-id=\"486\" data-full-url=\"https:\/\/www.helenamorgen.com\/cms\/wp-content\/uploads\/2024\/11\/Wasserdost-200x150-1.jpg\" data-link=\"http:\/\/www.helenamorgen.com\/wasserdost-200x150\" class=\"wp-image-486\"\/><\/figure><\/li><li class=\"blocks-gallery-item\"><figure><img decoding=\"async\" src=\"https:\/\/www.helenamorgen.com\/cms\/wp-content\/uploads\/2024\/11\/Wasserd-e1425303655265.jpg\" alt=\"\" data-id=\"485\" data-full-url=\"https:\/\/www.helenamorgen.com\/cms\/wp-content\/uploads\/2024\/11\/Wasserd-e1425303655265.jpg\" data-link=\"http:\/\/www.helenamorgen.com\/wasserd-e1425303655265\" class=\"wp-image-485\"\/><\/figure><\/li><li class=\"blocks-gallery-item\"><figure><img decoding=\"async\" src=\"https:\/\/www.helenamorgen.com\/cms\/wp-content\/uploads\/2024\/11\/Unkraut-200x150-1.jpg\" alt=\"\" data-id=\"484\" data-full-url=\"https:\/\/www.helenamorgen.com\/cms\/wp-content\/uploads\/2024\/11\/Unkraut-200x150-1.jpg\" data-link=\"http:\/\/www.helenamorgen.com\/unkraut-200x150\" class=\"wp-image-484\"\/><\/figure><\/li><\/ul><\/figure>\n\n\n\n<p>Pflanze Nr. 5: &#8222;tabaco moro&#8220;, \u201eBlaugr\u00fcner Tabak\u201c, nicotiana glauca.<\/p>\n\n\n\n<figure class=\"wp-block-gallery columns-3 is-cropped wp-block-gallery-5 is-layout-flex wp-block-gallery-is-layout-flex\"><ul class=\"blocks-gallery-grid\"><li class=\"blocks-gallery-item\"><figure><img decoding=\"async\" src=\"https:\/\/www.helenamorgen.com\/cms\/wp-content\/uploads\/2024\/11\/DSCN0905-e1425899748777.jpg\" alt=\"\" data-id=\"493\" data-full-url=\"https:\/\/www.helenamorgen.com\/cms\/wp-content\/uploads\/2024\/11\/DSCN0905-e1425899748777.jpg\" data-link=\"http:\/\/www.helenamorgen.com\/dscn0905-e1425899748777\" class=\"wp-image-493\"\/><figcaption class=\"blocks-gallery-item__caption\">venenero<\/figcaption><\/figure><\/li><li class=\"blocks-gallery-item\"><figure><img decoding=\"async\" src=\"https:\/\/www.helenamorgen.com\/cms\/wp-content\/uploads\/2024\/11\/malgusto-e1425899770760.jpg\" alt=\"\" data-id=\"495\" data-full-url=\"https:\/\/www.helenamorgen.com\/cms\/wp-content\/uploads\/2024\/11\/malgusto-e1425899770760.jpg\" data-link=\"http:\/\/www.helenamorgen.com\/malgusto-e1425899770760\" class=\"wp-image-495\"\/><figcaption class=\"blocks-gallery-item__caption\">blaugr\u00fcner Tabak<\/figcaption><\/figure><\/li><li class=\"blocks-gallery-item\"><figure><img decoding=\"async\" src=\"https:\/\/www.helenamorgen.com\/cms\/wp-content\/uploads\/2024\/11\/tabaco.jpg\" alt=\"\" data-id=\"496\" data-full-url=\"https:\/\/www.helenamorgen.com\/cms\/wp-content\/uploads\/2024\/11\/tabaco.jpg\" data-link=\"http:\/\/www.helenamorgen.com\/tabaco\" class=\"wp-image-496\"\/><figcaption class=\"blocks-gallery-item__caption\">&#8230; und sehr giftig!<\/figcaption><\/figure><\/li><\/ul><figcaption class=\"blocks-gallery-caption\"><br>Ein Nachtschattengew\u00e4chs, das gerne auf Schutt w\u00e4chst und an Wegesr\u00e4ndern. Hat viele lokale Namen, u.a.: malgusto (schlechter Geschmack), Mimo (Liebkosung, Verh\u00e4tschelung), Bobo (Dummkopf), Venenero (Vergifter???), Robusto (stark, robust)<\/figcaption><\/figure>\n\n\n\n<figure class=\"wp-block-image size-large\"><img decoding=\"async\" src=\"https:\/\/www.helenamorgen.com\/cms\/wp-content\/uploads\/2024\/11\/gutschr\u00e4g-e1425899288725.jpg\" alt=\"\" class=\"wp-image-494\"\/><\/figure>\n\n\n\n<p>Pflanze Nr. 6: &#8222;mil amores&#8220; oder &#8222;hierba de San Jorge&#8220;. <br>Die &#8222;Rote Spornblume&#8220;,&nbsp; centranthus ruber, ein Baldriangew\u00e4chs.<\/p>\n\n\n\n<figure class=\"wp-block-gallery columns-3 is-cropped wp-block-gallery-6 is-layout-flex wp-block-gallery-is-layout-flex\"><ul class=\"blocks-gallery-grid\"><li class=\"blocks-gallery-item\"><figure><img decoding=\"async\" src=\"https:\/\/www.helenamorgen.com\/cms\/wp-content\/uploads\/2024\/11\/SJnah500-200x150-1.jpg\" alt=\"\" data-id=\"490\" data-full-url=\"https:\/\/www.helenamorgen.com\/cms\/wp-content\/uploads\/2024\/11\/SJnah500-200x150-1.jpg\" data-link=\"http:\/\/www.helenamorgen.com\/sjnah500-200x150\" class=\"wp-image-490\"\/><figcaption class=\"blocks-gallery-item__caption\">mil amores<\/figcaption><\/figure><\/li><li class=\"blocks-gallery-item\"><figure><img decoding=\"async\" src=\"https:\/\/www.helenamorgen.com\/cms\/wp-content\/uploads\/2024\/11\/SJmKlee500-e1613996623993.jpg\" alt=\"\" data-id=\"489\" data-full-url=\"https:\/\/www.helenamorgen.com\/cms\/wp-content\/uploads\/2024\/11\/SJmKlee500-e1613996623993.jpg\" data-link=\"http:\/\/www.helenamorgen.com\/sjmklee500\" class=\"wp-image-489\"\/><figcaption class=\"blocks-gallery-item__caption\">mit Klee<\/figcaption><\/figure><\/li><li class=\"blocks-gallery-item\"><figure><img decoding=\"async\" src=\"https:\/\/www.helenamorgen.com\/cms\/wp-content\/uploads\/2024\/11\/SJgruen500-200x150-1.jpg\" alt=\"\" data-id=\"487\" data-full-url=\"https:\/\/www.helenamorgen.com\/cms\/wp-content\/uploads\/2024\/11\/SJgruen500-200x150-1.jpg.jpg\" data-link=\"http:\/\/www.helenamorgen.com\/sjgru%cc%88n500-200x150\" class=\"wp-image-487\"\/><figcaption class=\"blocks-gallery-item__caption\">Hierba de San Jorge<\/figcaption><\/figure><\/li><\/ul><\/figure>\n\n\n\n<p>Die \u201etausend Lieben\u201c (mil amores) bl\u00fchen meist am Wegesrand, oft in der N\u00e4he von H\u00e4usern und G\u00e4rten. Was genau der Heilige Georg damit zu tun hat \u2026? Die Pflanze bl\u00fcht lange und ausdauernd. Und scheint, wie man sieht, auch Schmetterlingen zu gefallen.<\/p>\n\n\n\n<figure class=\"wp-block-image size-large\"><img decoding=\"async\" src=\"https:\/\/www.helenamorgen.com\/cms\/wp-content\/uploads\/2024\/11\/sJschmetter700-e1613996714907.jpg\" alt=\"\" class=\"wp-image-488\"\/><\/figure>\n\n\n\n<p>Pflanze Nr. 7: &#8222;Sanguinero&#8220;, Dr\u00fcsiger Faulbaum, ein Kreuzdorngew\u00e4chs.<\/p>\n\n\n\n<figure class=\"wp-block-gallery columns-3 is-cropped wp-block-gallery-7 is-layout-flex wp-block-gallery-is-layout-flex\"><ul class=\"blocks-gallery-grid\"><li class=\"blocks-gallery-item\"><figure><img decoding=\"async\" src=\"https:\/\/www.helenamorgen.com\/cms\/wp-content\/uploads\/2024\/11\/olivevoll300.jpg\" alt=\"\" data-id=\"504\" data-full-url=\"https:\/\/www.helenamorgen.com\/cms\/wp-content\/uploads\/2024\/11\/olivevoll300.jpg\" data-link=\"http:\/\/www.helenamorgen.com\/olivevoll300\" class=\"wp-image-504\"\/><figcaption class=\"blocks-gallery-item__caption\">Rhamnus glandulosa <\/figcaption><\/figure><\/li><li class=\"blocks-gallery-item\"><figure><img decoding=\"async\" src=\"https:\/\/www.helenamorgen.com\/cms\/wp-content\/uploads\/2024\/11\/oliveonah300.jpg\" alt=\"\" data-id=\"503\" data-full-url=\"https:\/\/www.helenamorgen.com\/cms\/wp-content\/uploads\/2024\/11\/oliveonah300.jpg\" data-link=\"http:\/\/www.helenamorgen.com\/oliveonah300\" class=\"wp-image-503\"\/><\/figure><\/li><li class=\"blocks-gallery-item\"><figure><img decoding=\"async\" src=\"https:\/\/www.helenamorgen.com\/cms\/wp-content\/uploads\/2024\/11\/oliveblass300-1.jpg\" alt=\"\" data-id=\"502\" data-full-url=\"https:\/\/www.helenamorgen.com\/cms\/wp-content\/uploads\/2024\/11\/oliveblass300-1.jpg\" data-link=\"http:\/\/www.helenamorgen.com\/oliveblass300-2\" class=\"wp-image-502\"\/><\/figure><\/li><\/ul><\/figure>\n\n\n\n<p><\/p>\n","protected":false},"excerpt":{"rendered":"<p>Im Buch &#8222;Finger weg&#8220; spielen Pflanzen eine wichtige Rolle. Hier m\u00f6chte ich sie vorstellen. Die Informationen habe ich aus dem Buch: &#8222;Pflanzenf\u00fchrer Kanarische Inseln&#8220;. Begegnungen auf La Gomera. von Andrea und Thomas K. M\u00fcller. Klassiker, 2. Auflage 1996. Pflanze Nr. 1: \u201eamor seco\u201c, die Klette.Manche nennen sie auch &#8222;enamorados&#8220;, die Verliebten, weil sie sich so [&hellip;]<\/p>\n","protected":false},"author":2,"featured_media":0,"parent":0,"menu_order":0,"comment_status":"closed","ping_status":"closed","template":"hmpage_kapitel.php","meta":{"footnotes":""},"class_list":["post-276","page","type-page","status-publish","hentry"],"_links":{"self":[{"href":"https:\/\/www.helenamorgen.com\/cms\/wp-json\/wp\/v2\/pages\/276","targetHints":{"allow":["GET"]}}],"collection":[{"href":"https:\/\/www.helenamorgen.com\/cms\/wp-json\/wp\/v2\/pages"}],"about":[{"href":"https:\/\/www.helenamorgen.com\/cms\/wp-json\/wp\/v2\/types\/page"}],"author":[{"embeddable":true,"href":"https:\/\/www.helenamorgen.com\/cms\/wp-json\/wp\/v2\/users\/2"}],"replies":[{"embeddable":true,"href":"https:\/\/www.helenamorgen.com\/cms\/wp-json\/wp\/v2\/comments?post=276"}],"version-history":[{"count":9,"href":"https:\/\/www.helenamorgen.com\/cms\/wp-json\/wp\/v2\/pages\/276\/revisions"}],"predecessor-version":[{"id":311,"href":"https:\/\/www.helenamorgen.com\/cms\/wp-json\/wp\/v2\/pages\/276\/revisions\/311"}],"wp:attachment":[{"href":"https:\/\/www.helenamorgen.com\/cms\/wp-json\/wp\/v2\/media?parent=276"}],"curies":[{"name":"wp","href":"https:\/\/api.w.org\/{rel}","templated":true}]}}