{"id":336,"date":"2024-11-18T14:01:14","date_gmt":"2024-11-18T13:01:14","guid":{"rendered":"https:\/\/www.helenamorgen.com\/cms\/?page_id=336"},"modified":"2024-11-18T14:51:18","modified_gmt":"2024-11-18T13:51:18","slug":"rabenfutter-infos","status":"publish","type":"page","link":"https:\/\/www.helenamorgen.com\/cms\/rabenfutter-infos\/","title":{"rendered":"Rabenfutter &#8211; Infos"},"content":{"rendered":"\n<div class=\"wp-block-group\"><div class=\"wp-block-group__inner-container is-layout-flow wp-block-group-is-layout-flow\">\n\n\n<p>&nbsp;<\/p>\n<\/div><\/div>\n\n\n\n<div class=\"wp-block-group\"><div class=\"wp-block-group__inner-container is-layout-flow wp-block-group-is-layout-flow\">\n<h5 class=\"wp-block-heading\">Ver\u00f6ffentlicht im Mai 2018<\/h5>\n\n\n\n<figure class=\"wp-block-image size-medium is-style-default\"><img decoding=\"async\" src=\"https:\/\/www.helenamorgen.com\/cms\/wp-content\/uploads\/2024\/11\/KaeferZeichngBuch-scaled-1.jpg\" alt=\"\" class=\"wp-image-958\"\/><figcaption class=\"wp-element-caption\">Fressen Raben K\u00e4fer ???<\/figcaption><\/figure>\n\n\n\n<p>Die Autorin hat sich \u00fcber ihre gelungene K\u00e4fer-Zeichnung, wie sie meinte, gefreut. Als Titelseite eines Buches scheint der K\u00e4fer eher abzuschrecken. Kann also sein, dass das Werk irgendwann mit neuer Titelseite erscheint &#8230; Wer einen originellen Vorschlag hat &#8211; bitte sehr. Wie w\u00e4re es mit: &#8222;Abgr\u00fcnde \u00fcberall. Die H\u00f6hen und Tiefen von La Gomera, in einer spannenden Geschichte erforscht.&#8220; Oder so.<\/p>\n<\/div><\/div>\n\n\n\n<div class=\"wp-block-group\"><div class=\"wp-block-group__inner-container is-layout-flow wp-block-group-is-layout-flow\">\n<h5 class=\"wp-block-heading\">Alles gelogen<\/h5>\n\n\n\n<p>Nat\u00fcrlich ist in diesem Buch alles (naja, vieles) erfunden. Das mit dem Programm und der Einf\u00fchrung von Raben. Es gibt &#8211; \u00dcberraschung! &#8211; immer mehr Raben auf der Insel. Oder es ver\u00e4ndert sich die Wahrnehmung, wenn man erst einmal den Fokus darauf legt &#8230; <\/p>\n<\/div><\/div>\n\n\n\n<figure class=\"wp-block-image size-medium is-style-default\"><img decoding=\"async\" src=\"https:\/\/www.helenamorgen.com\/cms\/wp-content\/uploads\/2024\/11\/Voegel-scaled-1.jpg\" alt=\"\" class=\"wp-image-959\"\/><figcaption class=\"wp-element-caption\">Das sind wohl keine Raben. Das Foto ist von Los Roques aus gemacht.<\/figcaption><\/figure>\n\n\n\n<p>Es gibt auch immer mehr RadfahrerInnen auf der Insel. Da es in dem Buch eher um innere Einsichten geht, gibt es nicht so viele Fotos. Aber eines ist klar. Es tun sich \u00fcberall Abgr\u00fcnde auf! <\/p>\n\n\n\n<figure class=\"wp-block-gallery has-nested-images columns-default is-cropped wp-block-gallery-1 is-layout-flex wp-block-gallery-is-layout-flex\">\n<figure class=\"wp-block-image size-large\"><img decoding=\"async\" data-id=\"961\" src=\"https:\/\/www.helenamorgen.com\/cms\/wp-content\/uploads\/2024\/11\/IMG_6241-1-scaled-1.jpg\" alt=\"\" class=\"wp-image-961\"\/><\/figure>\n\n\n\n<figure class=\"wp-block-image size-large\"><img decoding=\"async\" data-id=\"962\" src=\"https:\/\/www.helenamorgen.com\/cms\/wp-content\/uploads\/2024\/11\/IMG_7382-scaled-1.jpg\" alt=\"\" class=\"wp-image-962\"\/><\/figure>\n\n\n\n<figure class=\"wp-block-image size-large\"><img decoding=\"async\" data-id=\"963\" src=\"https:\/\/www.helenamorgen.com\/cms\/wp-content\/uploads\/2024\/11\/IMG_8277-scaled-1.jpg\" alt=\"\" class=\"wp-image-963\"\/><\/figure>\n<\/figure>\n\n\n\n<figure class=\"wp-block-image size-medium is-style-default\"><img decoding=\"async\" src=\"https:\/\/www.helenamorgen.com\/cms\/wp-content\/uploads\/2024\/11\/IMG_0415-scaled-1.jpg\" alt=\"\" class=\"wp-image-964\"\/><\/figure>\n\n\n\n<figure class=\"wp-block-image size-medium is-style-default\"><img decoding=\"async\" src=\"https:\/\/www.helenamorgen.com\/cms\/wp-content\/uploads\/2024\/11\/Herzwolke.jpg\" alt=\"\" class=\"wp-image-965\"\/><figcaption class=\"wp-element-caption\">Das Foto ist geklaut. Danke dem unbekannten Urheber.<\/figcaption><\/figure>\n\n\n\n<p><\/p>\n","protected":false},"excerpt":{"rendered":"<p>&nbsp; Ver\u00f6ffentlicht im Mai 2018 Die Autorin hat sich \u00fcber ihre gelungene K\u00e4fer-Zeichnung, wie sie meinte, gefreut. Als Titelseite eines Buches scheint der K\u00e4fer eher abzuschrecken. Kann also sein, dass das Werk irgendwann mit neuer Titelseite erscheint &#8230; Wer einen originellen Vorschlag hat &#8211; bitte sehr. Wie w\u00e4re es mit: &#8222;Abgr\u00fcnde \u00fcberall. Die H\u00f6hen und [&hellip;]<\/p>\n","protected":false},"author":2,"featured_media":0,"parent":0,"menu_order":0,"comment_status":"closed","ping_status":"closed","template":"hmpage.php","meta":{"footnotes":""},"class_list":["post-336","page","type-page","status-publish","hentry"],"_links":{"self":[{"href":"https:\/\/www.helenamorgen.com\/cms\/wp-json\/wp\/v2\/pages\/336","targetHints":{"allow":["GET"]}}],"collection":[{"href":"https:\/\/www.helenamorgen.com\/cms\/wp-json\/wp\/v2\/pages"}],"about":[{"href":"https:\/\/www.helenamorgen.com\/cms\/wp-json\/wp\/v2\/types\/page"}],"author":[{"embeddable":true,"href":"https:\/\/www.helenamorgen.com\/cms\/wp-json\/wp\/v2\/users\/2"}],"replies":[{"embeddable":true,"href":"https:\/\/www.helenamorgen.com\/cms\/wp-json\/wp\/v2\/comments?post=336"}],"version-history":[{"count":7,"href":"https:\/\/www.helenamorgen.com\/cms\/wp-json\/wp\/v2\/pages\/336\/revisions"}],"predecessor-version":[{"id":349,"href":"https:\/\/www.helenamorgen.com\/cms\/wp-json\/wp\/v2\/pages\/336\/revisions\/349"}],"wp:attachment":[{"href":"https:\/\/www.helenamorgen.com\/cms\/wp-json\/wp\/v2\/media?parent=336"}],"curies":[{"name":"wp","href":"https:\/\/api.w.org\/{rel}","templated":true}]}}