{"id":9,"date":"2025-03-24T23:04:54","date_gmt":"2025-03-24T22:04:54","guid":{"rendered":"https:\/\/www.helenamorgen.com\/cms\/?page_id=9"},"modified":"2025-03-24T23:04:54","modified_gmt":"2025-03-24T22:04:54","slug":"buecher","status":"publish","type":"page","link":"https:\/\/www.helenamorgen.com\/cms\/buecher\/","title":{"rendered":"B\u00fccher"},"content":{"rendered":"\n<figure class=\"wp-block-gallery has-nested-images columns-default is-cropped wp-block-gallery-1 is-layout-flex wp-block-gallery-is-layout-flex\">\n<figure class=\"wp-block-image size-large\"><img decoding=\"async\" data-id=\"338\" src=\"https:\/\/www.helenamorgen.com\/cms\/wp-content\/uploads\/2024\/11\/Rabenfutter-cover-web.jpeg\" alt=\"\" class=\"wp-image-338\"\/><figcaption class=\"wp-element-caption\">der aktuelle Titel<\/figcaption><\/figure>\n\n\n\n<figure class=\"wp-block-image size-large\"><img decoding=\"async\" data-id=\"360\" src=\"https:\/\/www.helenamorgen.com\/cms\/wp-content\/uploads\/2024\/11\/Fingerweg-cover-web.jpg\" alt=\"\" class=\"wp-image-360\"\/><figcaption class=\"wp-element-caption\">der Klassiker<\/figcaption><\/figure>\n<figcaption class=\"blocks-gallery-caption wp-element-caption\"><em>Bestellen bei Amazon? Klicke auf das jeweilige Cover.<\/em><\/figcaption><\/figure>\n\n\n\n<h4 class=\"wp-block-heading\"><a href=\"https:\/\/www.helenamorgen.com\/cms\/rabenfutter\">Rabenfutter<\/a><\/h4>\n\n\n\n<p>Kann ein Rabe einen Mord planen? Treiben R\u00fcsselk\u00e4fer WissenschaftlerInnen in den Wahnsinn? Und haben Gedichte eine heilende Wirkung? Das sind Fragen, die sich Carola pl\u00f6tzlich stellen muss. Ihr Leben auf der beschaulichen Insel La Gomera ger\u00e4t aus den Fugen, als sie einen verwirrten Mann nahe am Abgrund findet. Er hei\u00dft Simon, sagt er. Und er kennt sich aus mit R\u00fcsselk\u00e4fern.<\/p>\n\n\n\n<p>Auf einmal kracht ein Auto an einen Felsen bei \u201eLos Roques\u201c. In Alojera fallen Katzen tot um und exotische G\u00fcrtel tauchen auf. Hat der Unbekannte damit etwas zu tun? Und warum verschwindet er sang\u00ad und klanglos &#8230; Eine rabenschwarze Geschichte vor beeindruckender Kulisse.&nbsp;<br>Skurril, humorvoll, spannend.<\/p>\n\n\n\n<h4 class=\"wp-block-heading\"><a href=\"https:\/\/www.helenamorgen.com\/cms\/finger-weg\">Finger weg<\/a><\/h4>\n\n\n\n<p>Weg, weg, weg! \u00dcbersetzerin Carola ist reif f\u00fcr die Insel. Wie w\u00e4r\u00b4s mit La Gomera? Zum Probewohnen. Ganz entspannt. Eine alte Freundin engagiert sie prompt als Reiseleiterin. Carola sieht es als Spiel. Bis ein Reiseleiterkollege verschwindet und etwas Merkw\u00fcrdiges auftaucht. Carola glaubt, mit ihrem Pflanzenbuch der Sache auf die Spur zu kommen. Der \u201eExperte\u201c Jens erkl\u00e4rt sie f\u00fcr verr\u00fcckt &#8230;<\/p>\n\n\n\n<p>Man erf\u00e4hrt viel \u00fcber die kleine Kanareninsel mitten im Atlantik, die wunderbare Landschaft, manch verschrobene Leute und das etwas ungew\u00f6hnliche Inselleben von La Gomera \u2013 auf humorvolle und skurrile Weise.<\/p>\n\n\n\n<p><\/p>\n","protected":false},"excerpt":{"rendered":"<p>Rabenfutter Kann ein Rabe einen Mord planen? Treiben R\u00fcsselk\u00e4fer WissenschaftlerInnen in den Wahnsinn? Und haben Gedichte eine heilende Wirkung? Das sind Fragen, die sich Carola pl\u00f6tzlich stellen muss. Ihr Leben auf der beschaulichen Insel La Gomera ger\u00e4t aus den Fugen, als sie einen verwirrten Mann nahe am Abgrund findet. Er hei\u00dft Simon, sagt er. Und [&hellip;]<\/p>\n","protected":false},"author":2,"featured_media":0,"parent":0,"menu_order":0,"comment_status":"closed","ping_status":"closed","template":"hmpage.php","meta":{"footnotes":""},"class_list":["post-9","page","type-page","status-publish","hentry"],"_links":{"self":[{"href":"https:\/\/www.helenamorgen.com\/cms\/wp-json\/wp\/v2\/pages\/9","targetHints":{"allow":["GET"]}}],"collection":[{"href":"https:\/\/www.helenamorgen.com\/cms\/wp-json\/wp\/v2\/pages"}],"about":[{"href":"https:\/\/www.helenamorgen.com\/cms\/wp-json\/wp\/v2\/types\/page"}],"author":[{"embeddable":true,"href":"https:\/\/www.helenamorgen.com\/cms\/wp-json\/wp\/v2\/users\/2"}],"replies":[{"embeddable":true,"href":"https:\/\/www.helenamorgen.com\/cms\/wp-json\/wp\/v2\/comments?post=9"}],"version-history":[{"count":4,"href":"https:\/\/www.helenamorgen.com\/cms\/wp-json\/wp\/v2\/pages\/9\/revisions"}],"predecessor-version":[{"id":353,"href":"https:\/\/www.helenamorgen.com\/cms\/wp-json\/wp\/v2\/pages\/9\/revisions\/353"}],"wp:attachment":[{"href":"https:\/\/www.helenamorgen.com\/cms\/wp-json\/wp\/v2\/media?parent=9"}],"curies":[{"name":"wp","href":"https:\/\/api.w.org\/{rel}","templated":true}]}}